{"id":1740,"date":"2024-08-22T13:46:22","date_gmt":"2024-08-22T13:46:22","guid":{"rendered":"https:\/\/www.agriculturayganaderia.com\/?page_id=1740"},"modified":"2025-01-10T00:47:37","modified_gmt":"2025-01-10T00:47:37","slug":"porcicultura","status":"publish","type":"page","link":"https:\/\/www.agriculturayganaderia.com\/?page_id=1740","title":{"rendered":"PORCICULTURA"},"content":{"rendered":"\t\t<div data-elementor-type=\"wp-page\" data-elementor-id=\"1740\" class=\"elementor elementor-1740\" data-elementor-post-type=\"page\">\n\t\t\t\t<div class=\"elementor-element elementor-element-a378e01 e-con-full e-flex e-con e-parent\" data-id=\"a378e01\" data-element_type=\"container\" data-e-type=\"container\">\n\t\t\t\t<\/div>\n\t\t<div class=\"elementor-element elementor-element-096fe40 e-flex e-con-boxed e-con e-parent\" data-id=\"096fe40\" data-element_type=\"container\" data-e-type=\"container\">\n\t\t\t\t\t<div class=\"e-con-inner\">\n\t\t\t\t<div class=\"elementor-element elementor-element-b34066e elementor-grid-4 elementor-grid-tablet-2 elementor-grid-mobile-1 elespare-section-title-elespare-left elementor-widget elementor-widget-post-grid\" data-id=\"b34066e\" data-element_type=\"widget\" data-e-type=\"widget\" data-settings=\"{&quot;columns&quot;:&quot;4&quot;,&quot;columns_tablet&quot;:&quot;2&quot;,&quot;columns_mobile&quot;:&quot;1&quot;}\" data-widget_type=\"post-grid.default\">\n\t\t\t\t<div class=\"elementor-widget-container\">\n\t\t\t\t\t<div class=\"elespare-widget-title-section title-style-1 elespare-left\">\n\t\t\t\t<h2 class=\"elespare-widget-title\">\n\t\t\t\t\t<span class=\"elespare-section-title-before\"><\/span>\n\t\t\t\t\t<span class=\"elespare-section-title\">PORCICULTURA<\/span>\n\t\t\t\t\t<span class=\"elespare-section-title-after\"><\/span>\n\t\t\t\t<\/h2>\n\t\t\t<\/div>    <div class=\"elespare-grid-wrap grid-layout has-background  elespare-has-equal-height\">\n\n      <div class=\"elespare-posts-wrap  elementor-grid grid-style-1  elespare-image-zoom elespare-light \">\n                    <div class=\"elespare-posts-grid-post-items\">\n\n              <div class=\"elespare-img-wrapper\">\n                \n      <a href=\"https:\/\/www.agriculturayganaderia.com\/?p=9827\" aria-label=\"Colombia refuerza medidas para mantener al pa\u00eds libre de Peste Porcina Africana\">\n        <img fetchpriority=\"high\" decoding=\"async\" width=\"300\" height=\"172\" src=\"https:\/\/www.agriculturayganaderia.com\/wp-content\/uploads\/2026\/03\/04-Porcinos-en-corral-800-300x172.jpg\" class=\"attachment-medium size-medium wp-post-image\" alt=\"Colombia refuerza medidas para mantener al pa\u00eds libre de Peste Porcina Africana\" srcset=\"https:\/\/www.agriculturayganaderia.com\/wp-content\/uploads\/2026\/03\/04-Porcinos-en-corral-800-300x172.jpg 300w, https:\/\/www.agriculturayganaderia.com\/wp-content\/uploads\/2026\/03\/04-Porcinos-en-corral-800-768x441.jpg 768w, https:\/\/www.agriculturayganaderia.com\/wp-content\/uploads\/2026\/03\/04-Porcinos-en-corral-800.jpg 800w\" sizes=\"(max-width: 300px) 100vw, 300px\" \/>      <\/a>\n\n    \n                              <\/div>\n              <div class=\"elespare-content-wrapper\">\n                                \n    <h3 class=\"elespare-post-title\">\n      <a href=\"https:\/\/www.agriculturayganaderia.com\/?p=9827\"> <span>Colombia refuerza medidas para mantener al pa\u00eds libre de Peste Porcina Africana<\/span><\/a>\n    <\/h3>\n          <div class=\"elespare-metadata\">\n                          <span class=\"elespare-posts-full-post-author\">\n            <a href=\"https:\/\/www.agriculturayganaderia.com\/?m=2026\">\n              <i class=\"demo-icon elespare-icons-clock-regular\" aria-hidden=\"true\"><\/i>\n              marzo 5, 2026\n            <\/a>\n          <\/span>\n                      <\/div>\n\n              <\/div>\n            <\/div>\n                    <div class=\"elespare-posts-grid-post-items\">\n\n              <div class=\"elespare-img-wrapper\">\n                \n      <a href=\"https:\/\/www.agriculturayganaderia.com\/?p=8953\" aria-label=\"Colombia proh\u00edbe el ingreso de productos derivados del cerdo provenientes de Espa\u00f1a\">\n        <img decoding=\"async\" width=\"300\" height=\"169\" src=\"https:\/\/www.agriculturayganaderia.com\/wp-content\/uploads\/2025\/12\/16-Alimentos-porcinos-800-300x169.jpg\" class=\"attachment-medium size-medium wp-post-image\" alt=\"Colombia proh\u00edbe el ingreso de productos derivados del cerdo provenientes de Espa\u00f1a\" srcset=\"https:\/\/www.agriculturayganaderia.com\/wp-content\/uploads\/2025\/12\/16-Alimentos-porcinos-800-300x169.jpg 300w, https:\/\/www.agriculturayganaderia.com\/wp-content\/uploads\/2025\/12\/16-Alimentos-porcinos-800-768x432.jpg 768w, https:\/\/www.agriculturayganaderia.com\/wp-content\/uploads\/2025\/12\/16-Alimentos-porcinos-800.jpg 800w\" sizes=\"(max-width: 300px) 100vw, 300px\" \/>      <\/a>\n\n    \n                              <\/div>\n              <div class=\"elespare-content-wrapper\">\n                                \n    <h3 class=\"elespare-post-title\">\n      <a href=\"https:\/\/www.agriculturayganaderia.com\/?p=8953\"> <span>Colombia proh\u00edbe el ingreso de productos derivados del cerdo provenientes de Espa\u00f1a<\/span><\/a>\n    <\/h3>\n          <div class=\"elespare-metadata\">\n                          <span class=\"elespare-posts-full-post-author\">\n            <a href=\"https:\/\/www.agriculturayganaderia.com\/?m=2025\">\n              <i class=\"demo-icon elespare-icons-clock-regular\" aria-hidden=\"true\"><\/i>\n              diciembre 16, 2025\n            <\/a>\n          <\/span>\n                      <\/div>\n\n              <\/div>\n            <\/div>\n                    <div class=\"elespare-posts-grid-post-items\">\n\n              <div class=\"elespare-img-wrapper\">\n                \n      <a href=\"https:\/\/www.agriculturayganaderia.com\/?p=7910\" aria-label=\"Colombia se mantiene alerta contra la Peste Porcina Africana\">\n        <img decoding=\"async\" width=\"300\" height=\"174\" src=\"https:\/\/www.agriculturayganaderia.com\/wp-content\/uploads\/2025\/09\/19-ICA-SUBGERENTE-800-300x174.jpg\" class=\"attachment-medium size-medium wp-post-image\" alt=\"Colombia se mantiene alerta contra la Peste Porcina Africana\" srcset=\"https:\/\/www.agriculturayganaderia.com\/wp-content\/uploads\/2025\/09\/19-ICA-SUBGERENTE-800-300x174.jpg 300w, https:\/\/www.agriculturayganaderia.com\/wp-content\/uploads\/2025\/09\/19-ICA-SUBGERENTE-800-768x446.jpg 768w, https:\/\/www.agriculturayganaderia.com\/wp-content\/uploads\/2025\/09\/19-ICA-SUBGERENTE-800.jpg 800w\" sizes=\"(max-width: 300px) 100vw, 300px\" \/>      <\/a>\n\n    \n                              <\/div>\n              <div class=\"elespare-content-wrapper\">\n                                \n    <h3 class=\"elespare-post-title\">\n      <a href=\"https:\/\/www.agriculturayganaderia.com\/?p=7910\"> <span>Colombia se mantiene alerta contra la Peste Porcina Africana<\/span><\/a>\n    <\/h3>\n          <div class=\"elespare-metadata\">\n                          <span class=\"elespare-posts-full-post-author\">\n            <a href=\"https:\/\/www.agriculturayganaderia.com\/?m=2025\">\n              <i class=\"demo-icon elespare-icons-clock-regular\" aria-hidden=\"true\"><\/i>\n              septiembre 20, 2025\n            <\/a>\n          <\/span>\n                      <\/div>\n\n              <\/div>\n            <\/div>\n                    <div class=\"elespare-posts-grid-post-items\">\n\n              <div class=\"elespare-img-wrapper\">\n                \n      <a href=\"https:\/\/www.agriculturayganaderia.com\/?p=5883\" aria-label=\"Innovaci\u00f3n en la porcicultura colombiana: un paso adelante en salud animal\">\n        <img loading=\"lazy\" decoding=\"async\" width=\"300\" height=\"168\" src=\"https:\/\/www.agriculturayganaderia.com\/wp-content\/uploads\/2025\/04\/0006-Cerdos-en-corral-800-300x168.jpg\" class=\"attachment-medium size-medium wp-post-image\" alt=\"Innovaci\u00f3n en la porcicultura colombiana: un paso adelante en salud animal\" srcset=\"https:\/\/www.agriculturayganaderia.com\/wp-content\/uploads\/2025\/04\/0006-Cerdos-en-corral-800-300x168.jpg 300w, https:\/\/www.agriculturayganaderia.com\/wp-content\/uploads\/2025\/04\/0006-Cerdos-en-corral-800-768x430.jpg 768w, https:\/\/www.agriculturayganaderia.com\/wp-content\/uploads\/2025\/04\/0006-Cerdos-en-corral-800.jpg 800w\" sizes=\"(max-width: 300px) 100vw, 300px\" \/>      <\/a>\n\n    \n                              <\/div>\n              <div class=\"elespare-content-wrapper\">\n                                \n    <h3 class=\"elespare-post-title\">\n      <a href=\"https:\/\/www.agriculturayganaderia.com\/?p=5883\"> <span>Innovaci\u00f3n en la porcicultura colombiana: un paso adelante en salud animal<\/span><\/a>\n    <\/h3>\n          <div class=\"elespare-metadata\">\n                          <span class=\"elespare-posts-full-post-author\">\n            <a href=\"https:\/\/www.agriculturayganaderia.com\/?m=2025\">\n              <i class=\"demo-icon elespare-icons-clock-regular\" aria-hidden=\"true\"><\/i>\n              abril 30, 2025\n            <\/a>\n          <\/span>\n                      <\/div>\n\n              <\/div>\n            <\/div>\n                    <div class=\"elespare-posts-grid-post-items\">\n\n              <div class=\"elespare-img-wrapper\">\n                \n      <a href=\"https:\/\/www.agriculturayganaderia.com\/?p=2357\" aria-label=\"Butirina esterificada tendr\u00eda mejores resultados que los antibi\u00f3ticos en la producci\u00f3n porcina\">\n        <img loading=\"lazy\" decoding=\"async\" width=\"300\" height=\"176\" src=\"https:\/\/www.agriculturayganaderia.com\/wp-content\/uploads\/2024\/09\/25-Laboratorio-porcino-800-300x176.jpg\" class=\"attachment-medium size-medium wp-post-image\" alt=\"Butirina esterificada tendr\u00eda mejores resultados que los antibi\u00f3ticos en la producci\u00f3n porcina\" srcset=\"https:\/\/www.agriculturayganaderia.com\/wp-content\/uploads\/2024\/09\/25-Laboratorio-porcino-800-300x176.jpg 300w, https:\/\/www.agriculturayganaderia.com\/wp-content\/uploads\/2024\/09\/25-Laboratorio-porcino-800-768x450.jpg 768w, https:\/\/www.agriculturayganaderia.com\/wp-content\/uploads\/2024\/09\/25-Laboratorio-porcino-800.jpg 800w\" sizes=\"(max-width: 300px) 100vw, 300px\" \/>      <\/a>\n\n    \n                              <\/div>\n              <div class=\"elespare-content-wrapper\">\n                                \n    <h3 class=\"elespare-post-title\">\n      <a href=\"https:\/\/www.agriculturayganaderia.com\/?p=2357\"> <span>Butirina esterificada tendr\u00eda mejores resultados que los antibi\u00f3ticos en la producci\u00f3n porcina<\/span><\/a>\n    <\/h3>\n          <div class=\"elespare-metadata\">\n                          <span class=\"elespare-posts-full-post-author\">\n            <a href=\"https:\/\/www.agriculturayganaderia.com\/?m=2024\">\n              <i class=\"demo-icon elespare-icons-clock-regular\" aria-hidden=\"true\"><\/i>\n              septiembre 25, 2024\n            <\/a>\n          <\/span>\n                      <\/div>\n\n              <\/div>\n            <\/div>\n                    <div class=\"elespare-posts-grid-post-items\">\n\n              <div class=\"elespare-img-wrapper\">\n                \n      <a href=\"https:\/\/www.agriculturayganaderia.com\/?p=2334\" aria-label=\"Chile abre las puertas a las tripas saladas de porcinos procedentes de Colombia\">\n        <img loading=\"lazy\" decoding=\"async\" width=\"300\" height=\"180\" src=\"https:\/\/www.agriculturayganaderia.com\/wp-content\/uploads\/2024\/09\/FRIGORIFICO-PORCINO-5A-300x180.jpg\" class=\"attachment-medium size-medium wp-post-image\" alt=\"Chile abre las puertas a las tripas saladas de porcinos procedentes de Colombia\" srcset=\"https:\/\/www.agriculturayganaderia.com\/wp-content\/uploads\/2024\/09\/FRIGORIFICO-PORCINO-5A-300x180.jpg 300w, https:\/\/www.agriculturayganaderia.com\/wp-content\/uploads\/2024\/09\/FRIGORIFICO-PORCINO-5A-768x461.jpg 768w, https:\/\/www.agriculturayganaderia.com\/wp-content\/uploads\/2024\/09\/FRIGORIFICO-PORCINO-5A.jpg 800w\" sizes=\"(max-width: 300px) 100vw, 300px\" \/>      <\/a>\n\n    \n                              <\/div>\n              <div class=\"elespare-content-wrapper\">\n                                \n    <h3 class=\"elespare-post-title\">\n      <a href=\"https:\/\/www.agriculturayganaderia.com\/?p=2334\"> <span>Chile abre las puertas a las tripas saladas de porcinos procedentes de Colombia<\/span><\/a>\n    <\/h3>\n          <div class=\"elespare-metadata\">\n                          <span class=\"elespare-posts-full-post-author\">\n            <a href=\"https:\/\/www.agriculturayganaderia.com\/?m=2024\">\n              <i class=\"demo-icon elespare-icons-clock-regular\" aria-hidden=\"true\"><\/i>\n              septiembre 23, 2024\n            <\/a>\n          <\/span>\n                      <\/div>\n\n              <\/div>\n            <\/div>\n                    <div class=\"elespare-posts-grid-post-items\">\n\n              <div class=\"elespare-img-wrapper\">\n                \n      <a href=\"https:\/\/www.agriculturayganaderia.com\/?p=2250\" aria-label=\"La carne de cerdo: un aliado en la nutrici\u00f3n colombiana\">\n        <img loading=\"lazy\" decoding=\"async\" width=\"300\" height=\"166\" src=\"https:\/\/www.agriculturayganaderia.com\/wp-content\/uploads\/2024\/09\/0005-Porcinos-en-finca-800-300x166.png\" class=\"attachment-medium size-medium wp-post-image\" alt=\"La carne de cerdo: un aliado en la nutrici\u00f3n colombiana\" srcset=\"https:\/\/www.agriculturayganaderia.com\/wp-content\/uploads\/2024\/09\/0005-Porcinos-en-finca-800-300x166.png 300w, https:\/\/www.agriculturayganaderia.com\/wp-content\/uploads\/2024\/09\/0005-Porcinos-en-finca-800-768x424.png 768w, https:\/\/www.agriculturayganaderia.com\/wp-content\/uploads\/2024\/09\/0005-Porcinos-en-finca-800.png 800w\" sizes=\"(max-width: 300px) 100vw, 300px\" \/>      <\/a>\n\n    \n                              <\/div>\n              <div class=\"elespare-content-wrapper\">\n                                \n    <h3 class=\"elespare-post-title\">\n      <a href=\"https:\/\/www.agriculturayganaderia.com\/?p=2250\"> <span>La carne de cerdo: un aliado en la nutrici\u00f3n colombiana<\/span><\/a>\n    <\/h3>\n          <div class=\"elespare-metadata\">\n                          <span class=\"elespare-posts-full-post-author\">\n            <a href=\"https:\/\/www.agriculturayganaderia.com\/?m=2024\">\n              <i class=\"demo-icon elespare-icons-clock-regular\" aria-hidden=\"true\"><\/i>\n              septiembre 20, 2024\n            <\/a>\n          <\/span>\n                      <\/div>\n\n              <\/div>\n            <\/div>\n              <\/div>\n    <\/div>\n    \t\t\t\t<\/div>\n\t\t\t\t<\/div>\n\t\t\t\t\t<\/div>\n\t\t\t\t<\/div>\n\t\t<div class=\"elementor-element elementor-element-75d1579 e-flex e-con-boxed e-con e-parent\" data-id=\"75d1579\" data-element_type=\"container\" data-e-type=\"container\">\n\t\t\t\t\t<div class=\"e-con-inner\">\n\t\t\t\t<div class=\"elementor-element elementor-element-389cb93 elementor-widget elementor-widget-spacer\" data-id=\"389cb93\" data-element_type=\"widget\" data-e-type=\"widget\" data-widget_type=\"spacer.default\">\n\t\t\t\t<div class=\"elementor-widget-container\">\n\t\t\t\t\t\t\t<div class=\"elementor-spacer\">\n\t\t\t<div class=\"elementor-spacer-inner\"><\/div>\n\t\t<\/div>\n\t\t\t\t\t\t<\/div>\n\t\t\t\t<\/div>\n\t\t\t\t\t<\/div>\n\t\t\t\t<\/div>\n\t\t\t\t<\/div>\n\t\t","protected":false},"excerpt":{"rendered":"<p>PORCICULTURA Butirina esterificada tendr\u00eda mejores resultados que los antibi\u00f3ticos en la producci\u00f3n porcina septiembre 25, 2024 Chile abre las puertas a las tripas saladas de porcinos procedentes de Colombia septiembre 23, 2024 La carne de cerdo: un aliado en la nutrici\u00f3n colombiana septiembre 20, 2024<\/p>\n","protected":false},"author":1,"featured_media":0,"parent":0,"menu_order":0,"comment_status":"closed","ping_status":"closed","template":"","meta":{"footnotes":""},"class_list":["post-1740","page","type-page","status-publish","hentry","post","post-with-thumbnail","post-with-thumbnail-large"],"_links":{"self":[{"href":"https:\/\/www.agriculturayganaderia.com\/index.php?rest_route=\/wp\/v2\/pages\/1740","targetHints":{"allow":["GET"]}}],"collection":[{"href":"https:\/\/www.agriculturayganaderia.com\/index.php?rest_route=\/wp\/v2\/pages"}],"about":[{"href":"https:\/\/www.agriculturayganaderia.com\/index.php?rest_route=\/wp\/v2\/types\/page"}],"author":[{"embeddable":true,"href":"https:\/\/www.agriculturayganaderia.com\/index.php?rest_route=\/wp\/v2\/users\/1"}],"replies":[{"embeddable":true,"href":"https:\/\/www.agriculturayganaderia.com\/index.php?rest_route=%2Fwp%2Fv2%2Fcomments&post=1740"}],"version-history":[{"count":7,"href":"https:\/\/www.agriculturayganaderia.com\/index.php?rest_route=\/wp\/v2\/pages\/1740\/revisions"}],"predecessor-version":[{"id":3926,"href":"https:\/\/www.agriculturayganaderia.com\/index.php?rest_route=\/wp\/v2\/pages\/1740\/revisions\/3926"}],"wp:attachment":[{"href":"https:\/\/www.agriculturayganaderia.com\/index.php?rest_route=%2Fwp%2Fv2%2Fmedia&parent=1740"}],"curies":[{"name":"wp","href":"https:\/\/api.w.org\/{rel}","templated":true}]}}