{"id":1755,"date":"2024-08-22T13:50:40","date_gmt":"2024-08-22T13:50:40","guid":{"rendered":"https:\/\/www.agriculturayganaderia.com\/?page_id=1755"},"modified":"2025-01-10T00:48:45","modified_gmt":"2025-01-10T00:48:45","slug":"tendencias","status":"publish","type":"page","link":"https:\/\/www.agriculturayganaderia.com\/?page_id=1755","title":{"rendered":"TENDENCIAS"},"content":{"rendered":"\t\t<div data-elementor-type=\"wp-page\" data-elementor-id=\"1755\" class=\"elementor elementor-1755\" data-elementor-post-type=\"page\">\n\t\t\t\t<div class=\"elementor-element elementor-element-a378e01 e-con-full e-flex e-con e-parent\" data-id=\"a378e01\" data-element_type=\"container\" data-e-type=\"container\">\n\t\t\t\t<\/div>\n\t\t<div class=\"elementor-element elementor-element-096fe40 e-flex e-con-boxed e-con e-parent\" data-id=\"096fe40\" data-element_type=\"container\" data-e-type=\"container\">\n\t\t\t\t\t<div class=\"e-con-inner\">\n\t\t\t\t<div class=\"elementor-element elementor-element-b34066e elementor-grid-4 elementor-grid-tablet-2 elementor-grid-mobile-1 elespare-section-title-elespare-left elementor-widget elementor-widget-post-grid\" data-id=\"b34066e\" data-element_type=\"widget\" data-e-type=\"widget\" data-settings=\"{&quot;columns&quot;:&quot;4&quot;,&quot;columns_tablet&quot;:&quot;2&quot;,&quot;columns_mobile&quot;:&quot;1&quot;}\" data-widget_type=\"post-grid.default\">\n\t\t\t\t<div class=\"elementor-widget-container\">\n\t\t\t\t\t<div class=\"elespare-widget-title-section title-style-1 elespare-left\">\n\t\t\t\t<h2 class=\"elespare-widget-title\">\n\t\t\t\t\t<span class=\"elespare-section-title-before\"><\/span>\n\t\t\t\t\t<span class=\"elespare-section-title\">TENDENCIAS<\/span>\n\t\t\t\t\t<span class=\"elespare-section-title-after\"><\/span>\n\t\t\t\t<\/h2>\n\t\t\t<\/div>    <div class=\"elespare-grid-wrap grid-layout has-background  elespare-has-equal-height\">\n\n      <div class=\"elespare-posts-wrap  elementor-grid grid-style-1  elespare-image-zoom elespare-light \">\n                    <div class=\"elespare-posts-grid-post-items\">\n\n              <div class=\"elespare-img-wrapper\">\n                \n      <a href=\"https:\/\/www.agriculturayganaderia.com\/?p=10198\" aria-label=\"Colombia consume el 95% de su producci\u00f3n de ar\u00e1ndanos, mientras se abre espacio para impulsar su exportaci\u00f3n\">\n        <img fetchpriority=\"high\" decoding=\"async\" width=\"300\" height=\"171\" src=\"https:\/\/www.agriculturayganaderia.com\/wp-content\/uploads\/2026\/04\/06-Berries-800-300x171.jpg\" class=\"attachment-medium size-medium wp-post-image\" alt=\"Colombia consume el 95% de su producci\u00f3n de ar\u00e1ndanos, mientras se abre espacio para impulsar su exportaci\u00f3n\" srcset=\"https:\/\/www.agriculturayganaderia.com\/wp-content\/uploads\/2026\/04\/06-Berries-800-300x171.jpg 300w, https:\/\/www.agriculturayganaderia.com\/wp-content\/uploads\/2026\/04\/06-Berries-800-768x439.jpg 768w, https:\/\/www.agriculturayganaderia.com\/wp-content\/uploads\/2026\/04\/06-Berries-800.jpg 800w\" sizes=\"(max-width: 300px) 100vw, 300px\" \/>      <\/a>\n\n    \n                              <\/div>\n              <div class=\"elespare-content-wrapper\">\n                                \n    <h3 class=\"elespare-post-title\">\n      <a href=\"https:\/\/www.agriculturayganaderia.com\/?p=10198\"> <span>Colombia consume el 95% de su producci\u00f3n de ar\u00e1ndanos, mientras se abre espacio para impulsar su exportaci\u00f3n<\/span><\/a>\n    <\/h3>\n          <div class=\"elespare-metadata\">\n                          <span class=\"elespare-posts-full-post-author\">\n            <a href=\"https:\/\/www.agriculturayganaderia.com\/?m=2026\">\n              <i class=\"demo-icon elespare-icons-clock-regular\" aria-hidden=\"true\"><\/i>\n              abril 7, 2026\n            <\/a>\n          <\/span>\n                      <\/div>\n\n              <\/div>\n            <\/div>\n                    <div class=\"elespare-posts-grid-post-items\">\n\n              <div class=\"elespare-img-wrapper\">\n                \n      <a href=\"https:\/\/www.agriculturayganaderia.com\/?p=10162\" aria-label=\"Panela Fest 2026: El sabor que impulsa el desarrollo del campo colombiano\">\n        <img decoding=\"async\" width=\"300\" height=\"171\" src=\"https:\/\/www.agriculturayganaderia.com\/wp-content\/uploads\/2026\/04\/01-Panela-Fedepanela-2-800-300x171.jpg\" class=\"attachment-medium size-medium wp-post-image\" alt=\"Panela Fest 2026: El sabor que impulsa el desarrollo del campo colombiano\" srcset=\"https:\/\/www.agriculturayganaderia.com\/wp-content\/uploads\/2026\/04\/01-Panela-Fedepanela-2-800-300x171.jpg 300w, https:\/\/www.agriculturayganaderia.com\/wp-content\/uploads\/2026\/04\/01-Panela-Fedepanela-2-800-768x437.jpg 768w, https:\/\/www.agriculturayganaderia.com\/wp-content\/uploads\/2026\/04\/01-Panela-Fedepanela-2-800.jpg 800w\" sizes=\"(max-width: 300px) 100vw, 300px\" \/>      <\/a>\n\n    \n                              <\/div>\n              <div class=\"elespare-content-wrapper\">\n                                \n    <h3 class=\"elespare-post-title\">\n      <a href=\"https:\/\/www.agriculturayganaderia.com\/?p=10162\"> <span>Panela Fest 2026: El sabor que impulsa el desarrollo del campo colombiano<\/span><\/a>\n    <\/h3>\n          <div class=\"elespare-metadata\">\n                          <span class=\"elespare-posts-full-post-author\">\n            <a href=\"https:\/\/www.agriculturayganaderia.com\/?m=2026\">\n              <i class=\"demo-icon elespare-icons-clock-regular\" aria-hidden=\"true\"><\/i>\n              abril 1, 2026\n            <\/a>\n          <\/span>\n                      <\/div>\n\n              <\/div>\n            <\/div>\n                    <div class=\"elespare-posts-grid-post-items\">\n\n              <div class=\"elespare-img-wrapper\">\n                \n      <a href=\"https:\/\/www.agriculturayganaderia.com\/?p=9899\" aria-label=\"\u00bfC\u00f3mo ser\u00e1 el cacao en Colombia en 2050?\">\n        <img decoding=\"async\" width=\"300\" height=\"189\" src=\"https:\/\/www.agriculturayganaderia.com\/wp-content\/uploads\/2025\/05\/104-cacao-en-pepa-800-300x189.jpg\" class=\"attachment-medium size-medium wp-post-image\" alt=\"\u00bfC\u00f3mo ser\u00e1 el cacao en Colombia en 2050?\" srcset=\"https:\/\/www.agriculturayganaderia.com\/wp-content\/uploads\/2025\/05\/104-cacao-en-pepa-800-300x189.jpg 300w, https:\/\/www.agriculturayganaderia.com\/wp-content\/uploads\/2025\/05\/104-cacao-en-pepa-800-768x483.jpg 768w, https:\/\/www.agriculturayganaderia.com\/wp-content\/uploads\/2025\/05\/104-cacao-en-pepa-800.jpg 800w\" sizes=\"(max-width: 300px) 100vw, 300px\" \/>      <\/a>\n\n    \n                              <\/div>\n              <div class=\"elespare-content-wrapper\">\n                                \n    <h3 class=\"elespare-post-title\">\n      <a href=\"https:\/\/www.agriculturayganaderia.com\/?p=9899\"> <span>\u00bfC\u00f3mo ser\u00e1 el cacao en Colombia en 2050?<\/span><\/a>\n    <\/h3>\n          <div class=\"elespare-metadata\">\n                          <span class=\"elespare-posts-full-post-author\">\n            <a href=\"https:\/\/www.agriculturayganaderia.com\/?m=2026\">\n              <i class=\"demo-icon elespare-icons-clock-regular\" aria-hidden=\"true\"><\/i>\n              marzo 11, 2026\n            <\/a>\n          <\/span>\n                      <\/div>\n\n              <\/div>\n            <\/div>\n                    <div class=\"elespare-posts-grid-post-items\">\n\n              <div class=\"elespare-img-wrapper\">\n                \n      <a href=\"https:\/\/www.agriculturayganaderia.com\/?p=9576\" aria-label=\"Ciencia para la mesa: el hongo que se &#8220;transforma&#8221; en carne\">\n        <img loading=\"lazy\" decoding=\"async\" width=\"300\" height=\"171\" src=\"https:\/\/www.agriculturayganaderia.com\/wp-content\/uploads\/2026\/02\/16-Hongo-carne-carne-800-300x171.jpg\" class=\"attachment-medium size-medium wp-post-image\" alt=\"Ciencia para la mesa: el hongo que se &#8220;transforma&#8221; en carne\" srcset=\"https:\/\/www.agriculturayganaderia.com\/wp-content\/uploads\/2026\/02\/16-Hongo-carne-carne-800-300x171.jpg 300w, https:\/\/www.agriculturayganaderia.com\/wp-content\/uploads\/2026\/02\/16-Hongo-carne-carne-800-768x438.jpg 768w, https:\/\/www.agriculturayganaderia.com\/wp-content\/uploads\/2026\/02\/16-Hongo-carne-carne-800.jpg 800w\" sizes=\"(max-width: 300px) 100vw, 300px\" \/>      <\/a>\n\n    \n                              <\/div>\n              <div class=\"elespare-content-wrapper\">\n                                \n    <h3 class=\"elespare-post-title\">\n      <a href=\"https:\/\/www.agriculturayganaderia.com\/?p=9576\"> <span>Ciencia para la mesa: el hongo que se &#8220;transforma&#8221; en carne<\/span><\/a>\n    <\/h3>\n          <div class=\"elespare-metadata\">\n                          <span class=\"elespare-posts-full-post-author\">\n            <a href=\"https:\/\/www.agriculturayganaderia.com\/?m=2026\">\n              <i class=\"demo-icon elespare-icons-clock-regular\" aria-hidden=\"true\"><\/i>\n              febrero 17, 2026\n            <\/a>\n          <\/span>\n                      <\/div>\n\n              <\/div>\n            <\/div>\n                    <div class=\"elespare-posts-grid-post-items\">\n\n              <div class=\"elespare-img-wrapper\">\n                \n      <a href=\"https:\/\/www.agriculturayganaderia.com\/?p=7831\" aria-label=\"Motores que impulsan el agro: financiamiento para la movilidad productiva\">\n        <img loading=\"lazy\" decoding=\"async\" width=\"300\" height=\"300\" src=\"https:\/\/www.agriculturayganaderia.com\/wp-content\/uploads\/2025\/09\/250904-Banner-800x800-Expansion-Leasing-300x300.jpg\" class=\"attachment-medium size-medium wp-post-image\" alt=\"Motores que impulsan el agro: financiamiento para la movilidad productiva\" srcset=\"https:\/\/www.agriculturayganaderia.com\/wp-content\/uploads\/2025\/09\/250904-Banner-800x800-Expansion-Leasing-300x300.jpg 300w, https:\/\/www.agriculturayganaderia.com\/wp-content\/uploads\/2025\/09\/250904-Banner-800x800-Expansion-Leasing-150x150.jpg 150w, https:\/\/www.agriculturayganaderia.com\/wp-content\/uploads\/2025\/09\/250904-Banner-800x800-Expansion-Leasing-768x768.jpg 768w, https:\/\/www.agriculturayganaderia.com\/wp-content\/uploads\/2025\/09\/250904-Banner-800x800-Expansion-Leasing.jpg 800w\" sizes=\"(max-width: 300px) 100vw, 300px\" \/>      <\/a>\n\n    \n                              <\/div>\n              <div class=\"elespare-content-wrapper\">\n                                \n    <h3 class=\"elespare-post-title\">\n      <a href=\"https:\/\/www.agriculturayganaderia.com\/?p=7831\"> <span>Motores que impulsan el agro: financiamiento para la movilidad productiva<\/span><\/a>\n    <\/h3>\n          <div class=\"elespare-metadata\">\n                          <span class=\"elespare-posts-full-post-author\">\n            <a href=\"https:\/\/www.agriculturayganaderia.com\/?m=2025\">\n              <i class=\"demo-icon elespare-icons-clock-regular\" aria-hidden=\"true\"><\/i>\n              septiembre 15, 2025\n            <\/a>\n          <\/span>\n                      <\/div>\n\n              <\/div>\n            <\/div>\n                    <div class=\"elespare-posts-grid-post-items\">\n\n              <div class=\"elespare-img-wrapper\">\n                \n      <a href=\"https:\/\/www.agriculturayganaderia.com\/?p=7093\" aria-label=\"Las econom\u00edas emergentes impulsar\u00e1n el aumento del consumo y la producci\u00f3n de alimentos\">\n        <img loading=\"lazy\" decoding=\"async\" width=\"300\" height=\"172\" src=\"https:\/\/www.agriculturayganaderia.com\/wp-content\/uploads\/2025\/07\/0014-FAO-Avicultura-800-300x172.jpg\" class=\"attachment-medium size-medium wp-post-image\" alt=\"Las econom\u00edas emergentes impulsar\u00e1n el aumento del consumo y la producci\u00f3n de alimentos\" srcset=\"https:\/\/www.agriculturayganaderia.com\/wp-content\/uploads\/2025\/07\/0014-FAO-Avicultura-800-300x172.jpg 300w, https:\/\/www.agriculturayganaderia.com\/wp-content\/uploads\/2025\/07\/0014-FAO-Avicultura-800-768x441.jpg 768w, https:\/\/www.agriculturayganaderia.com\/wp-content\/uploads\/2025\/07\/0014-FAO-Avicultura-800.jpg 800w\" sizes=\"(max-width: 300px) 100vw, 300px\" \/>      <\/a>\n\n    \n                              <\/div>\n              <div class=\"elespare-content-wrapper\">\n                                \n    <h3 class=\"elespare-post-title\">\n      <a href=\"https:\/\/www.agriculturayganaderia.com\/?p=7093\"> <span>Las econom\u00edas emergentes impulsar\u00e1n el aumento del consumo y la producci\u00f3n de alimentos<\/span><\/a>\n    <\/h3>\n          <div class=\"elespare-metadata\">\n                          <span class=\"elespare-posts-full-post-author\">\n            <a href=\"https:\/\/www.agriculturayganaderia.com\/?m=2025\">\n              <i class=\"demo-icon elespare-icons-clock-regular\" aria-hidden=\"true\"><\/i>\n              julio 23, 2025\n            <\/a>\n          <\/span>\n                      <\/div>\n\n              <\/div>\n            <\/div>\n                    <div class=\"elespare-posts-grid-post-items\">\n\n              <div class=\"elespare-img-wrapper\">\n                \n      <a href=\"https:\/\/www.agriculturayganaderia.com\/?p=5821\" aria-label=\"Construyendo pa\u00eds desde el sector agropecuario\">\n        <img loading=\"lazy\" decoding=\"async\" width=\"300\" height=\"300\" src=\"https:\/\/www.agriculturayganaderia.com\/wp-content\/uploads\/2025\/04\/BANNER4-800x800-FERIA-AGRO-SOSTENIBLE-2025-300x300.jpg\" class=\"attachment-medium size-medium wp-post-image\" alt=\"Construyendo pa\u00eds desde el sector agropecuario\" srcset=\"https:\/\/www.agriculturayganaderia.com\/wp-content\/uploads\/2025\/04\/BANNER4-800x800-FERIA-AGRO-SOSTENIBLE-2025-300x300.jpg 300w, https:\/\/www.agriculturayganaderia.com\/wp-content\/uploads\/2025\/04\/BANNER4-800x800-FERIA-AGRO-SOSTENIBLE-2025-150x150.jpg 150w, https:\/\/www.agriculturayganaderia.com\/wp-content\/uploads\/2025\/04\/BANNER4-800x800-FERIA-AGRO-SOSTENIBLE-2025-768x768.jpg 768w, https:\/\/www.agriculturayganaderia.com\/wp-content\/uploads\/2025\/04\/BANNER4-800x800-FERIA-AGRO-SOSTENIBLE-2025.jpg 800w\" sizes=\"(max-width: 300px) 100vw, 300px\" \/>      <\/a>\n\n    \n                              <\/div>\n              <div class=\"elespare-content-wrapper\">\n                                \n    <h3 class=\"elespare-post-title\">\n      <a href=\"https:\/\/www.agriculturayganaderia.com\/?p=5821\"> <span>Construyendo pa\u00eds desde el sector agropecuario<\/span><\/a>\n    <\/h3>\n          <div class=\"elespare-metadata\">\n                          <span class=\"elespare-posts-full-post-author\">\n            <a href=\"https:\/\/www.agriculturayganaderia.com\/?m=2025\">\n              <i class=\"demo-icon elespare-icons-clock-regular\" aria-hidden=\"true\"><\/i>\n              abril 26, 2025\n            <\/a>\n          <\/span>\n                      <\/div>\n\n              <\/div>\n            <\/div>\n                    <div class=\"elespare-posts-grid-post-items\">\n\n              <div class=\"elespare-img-wrapper\">\n                \n      <a href=\"https:\/\/www.agriculturayganaderia.com\/?p=4891\" aria-label=\"Tres tendencias que transformar\u00e1n el agro en 2025\">\n        <img loading=\"lazy\" decoding=\"async\" width=\"300\" height=\"300\" src=\"https:\/\/www.agriculturayganaderia.com\/wp-content\/uploads\/2025\/03\/DAVIVIENDA-1-800-x-800-300x300.jpg\" class=\"attachment-medium size-medium wp-post-image\" alt=\"Tres tendencias que transformar\u00e1n el agro en 2025\" srcset=\"https:\/\/www.agriculturayganaderia.com\/wp-content\/uploads\/2025\/03\/DAVIVIENDA-1-800-x-800-300x300.jpg 300w, https:\/\/www.agriculturayganaderia.com\/wp-content\/uploads\/2025\/03\/DAVIVIENDA-1-800-x-800-150x150.jpg 150w, https:\/\/www.agriculturayganaderia.com\/wp-content\/uploads\/2025\/03\/DAVIVIENDA-1-800-x-800-768x768.jpg 768w, https:\/\/www.agriculturayganaderia.com\/wp-content\/uploads\/2025\/03\/DAVIVIENDA-1-800-x-800.jpg 800w\" sizes=\"(max-width: 300px) 100vw, 300px\" \/>      <\/a>\n\n    \n                              <\/div>\n              <div class=\"elespare-content-wrapper\">\n                                \n    <h3 class=\"elespare-post-title\">\n      <a href=\"https:\/\/www.agriculturayganaderia.com\/?p=4891\"> <span>Tres tendencias que transformar\u00e1n el agro en 2025<\/span><\/a>\n    <\/h3>\n          <div class=\"elespare-metadata\">\n                          <span class=\"elespare-posts-full-post-author\">\n            <a href=\"https:\/\/www.agriculturayganaderia.com\/?m=2025\">\n              <i class=\"demo-icon elespare-icons-clock-regular\" aria-hidden=\"true\"><\/i>\n              marzo 11, 2025\n            <\/a>\n          <\/span>\n                      <\/div>\n\n              <\/div>\n            <\/div>\n                    <div class=\"elespare-posts-grid-post-items\">\n\n              <div class=\"elespare-img-wrapper\">\n                \n      <a href=\"https:\/\/www.agriculturayganaderia.com\/?p=4044\" aria-label=\"Nuevo informe destaca tendencias y desaf\u00edos cruciales de los sistemas alimentarios\">\n        <img loading=\"lazy\" decoding=\"async\" width=\"300\" height=\"169\" src=\"https:\/\/www.agriculturayganaderia.com\/wp-content\/uploads\/2024\/11\/17-Maiz-modificado-1-800-300x169.jpg\" class=\"attachment-medium size-medium wp-post-image\" alt=\"Nuevo informe destaca tendencias y desaf\u00edos cruciales de los sistemas alimentarios\" srcset=\"https:\/\/www.agriculturayganaderia.com\/wp-content\/uploads\/2024\/11\/17-Maiz-modificado-1-800-300x169.jpg 300w, https:\/\/www.agriculturayganaderia.com\/wp-content\/uploads\/2024\/11\/17-Maiz-modificado-1-800-768x432.jpg 768w, https:\/\/www.agriculturayganaderia.com\/wp-content\/uploads\/2024\/11\/17-Maiz-modificado-1-800.jpg 800w\" sizes=\"(max-width: 300px) 100vw, 300px\" \/>      <\/a>\n\n    \n                              <\/div>\n              <div class=\"elespare-content-wrapper\">\n                                \n    <h3 class=\"elespare-post-title\">\n      <a href=\"https:\/\/www.agriculturayganaderia.com\/?p=4044\"> <span>Nuevo informe destaca tendencias y desaf\u00edos cruciales de los sistemas alimentarios<\/span><\/a>\n    <\/h3>\n          <div class=\"elespare-metadata\">\n                          <span class=\"elespare-posts-full-post-author\">\n            <a href=\"https:\/\/www.agriculturayganaderia.com\/?m=2025\">\n              <i class=\"demo-icon elespare-icons-clock-regular\" aria-hidden=\"true\"><\/i>\n              enero 16, 2025\n            <\/a>\n          <\/span>\n                      <\/div>\n\n              <\/div>\n            <\/div>\n                    <div class=\"elespare-posts-grid-post-items\">\n\n              <div class=\"elespare-img-wrapper\">\n                \n      <a href=\"https:\/\/www.agriculturayganaderia.com\/?p=3382\" aria-label=\"Nuevas tecnolog\u00edas para el uso eficiente del agua al finalizar el 39 Congreso Nacional Arrocero\">\n        <img loading=\"lazy\" decoding=\"async\" width=\"300\" height=\"168\" src=\"https:\/\/www.agriculturayganaderia.com\/wp-content\/uploads\/2024\/12\/6-Fedearroz-mercado-y-clima-800-300x168.jpg\" class=\"attachment-medium size-medium wp-post-image\" alt=\"Nuevas tecnolog\u00edas para el uso eficiente del agua al finalizar el 39 Congreso Nacional Arrocero\" srcset=\"https:\/\/www.agriculturayganaderia.com\/wp-content\/uploads\/2024\/12\/6-Fedearroz-mercado-y-clima-800-300x168.jpg 300w, https:\/\/www.agriculturayganaderia.com\/wp-content\/uploads\/2024\/12\/6-Fedearroz-mercado-y-clima-800-768x429.jpg 768w, https:\/\/www.agriculturayganaderia.com\/wp-content\/uploads\/2024\/12\/6-Fedearroz-mercado-y-clima-800.jpg 800w\" sizes=\"(max-width: 300px) 100vw, 300px\" \/>      <\/a>\n\n    \n                              <\/div>\n              <div class=\"elespare-content-wrapper\">\n                                \n    <h3 class=\"elespare-post-title\">\n      <a href=\"https:\/\/www.agriculturayganaderia.com\/?p=3382\"> <span>Nuevas tecnolog\u00edas para el uso eficiente del agua al finalizar el 39 Congreso Nacional Arrocero<\/span><\/a>\n    <\/h3>\n          <div class=\"elespare-metadata\">\n                          <span class=\"elespare-posts-full-post-author\">\n            <a href=\"https:\/\/www.agriculturayganaderia.com\/?m=2024\">\n              <i class=\"demo-icon elespare-icons-clock-regular\" aria-hidden=\"true\"><\/i>\n              diciembre 7, 2024\n            <\/a>\n          <\/span>\n                      <\/div>\n\n              <\/div>\n            <\/div>\n                    <div class=\"elespare-posts-grid-post-items\">\n\n              <div class=\"elespare-img-wrapper\">\n                \n      <a href=\"https:\/\/www.agriculturayganaderia.com\/?p=2893\" aria-label=\"COLOMBIA: Nuevas regiones aguacateras se abren paso en el mercado japon\u00e9s\">\n        <img loading=\"lazy\" decoding=\"async\" width=\"300\" height=\"172\" src=\"https:\/\/www.agriculturayganaderia.com\/wp-content\/uploads\/2024\/10\/31-ICABOG-japon-800-300x172.jpg\" class=\"attachment-medium size-medium wp-post-image\" alt=\"COLOMBIA: Nuevas regiones aguacateras se abren paso en el mercado japon\u00e9s\" srcset=\"https:\/\/www.agriculturayganaderia.com\/wp-content\/uploads\/2024\/10\/31-ICABOG-japon-800-300x172.jpg 300w, https:\/\/www.agriculturayganaderia.com\/wp-content\/uploads\/2024\/10\/31-ICABOG-japon-800-768x440.jpg 768w, https:\/\/www.agriculturayganaderia.com\/wp-content\/uploads\/2024\/10\/31-ICABOG-japon-800.jpg 800w\" sizes=\"(max-width: 300px) 100vw, 300px\" \/>      <\/a>\n\n    \n                              <\/div>\n              <div class=\"elespare-content-wrapper\">\n                                \n    <h3 class=\"elespare-post-title\">\n      <a href=\"https:\/\/www.agriculturayganaderia.com\/?p=2893\"> <span>COLOMBIA: Nuevas regiones aguacateras se abren paso en el mercado japon\u00e9s<\/span><\/a>\n    <\/h3>\n          <div class=\"elespare-metadata\">\n                          <span class=\"elespare-posts-full-post-author\">\n            <a href=\"https:\/\/www.agriculturayganaderia.com\/?m=2024\">\n              <i class=\"demo-icon elespare-icons-clock-regular\" aria-hidden=\"true\"><\/i>\n              octubre 31, 2024\n            <\/a>\n          <\/span>\n                      <\/div>\n\n              <\/div>\n            <\/div>\n                    <div class=\"elespare-posts-grid-post-items\">\n\n              <div class=\"elespare-img-wrapper\">\n                \n      <a href=\"https:\/\/www.agriculturayganaderia.com\/?p=2395\" aria-label=\"\u00bfC\u00f3mo las tecnolog\u00edas digitales pueden revolucionar la agroindustria colombiana?\">\n        <img loading=\"lazy\" decoding=\"async\" width=\"300\" height=\"170\" src=\"https:\/\/www.agriculturayganaderia.com\/wp-content\/uploads\/2024\/09\/26-DROM-Precisagro-800-300x170.jpg\" class=\"attachment-medium size-medium wp-post-image\" alt=\"\u00bfC\u00f3mo las tecnolog\u00edas digitales pueden revolucionar la agroindustria colombiana?\" srcset=\"https:\/\/www.agriculturayganaderia.com\/wp-content\/uploads\/2024\/09\/26-DROM-Precisagro-800-300x170.jpg 300w, https:\/\/www.agriculturayganaderia.com\/wp-content\/uploads\/2024\/09\/26-DROM-Precisagro-800-768x434.jpg 768w, https:\/\/www.agriculturayganaderia.com\/wp-content\/uploads\/2024\/09\/26-DROM-Precisagro-800.jpg 800w\" sizes=\"(max-width: 300px) 100vw, 300px\" \/>      <\/a>\n\n    \n                              <\/div>\n              <div class=\"elespare-content-wrapper\">\n                                \n    <h3 class=\"elespare-post-title\">\n      <a href=\"https:\/\/www.agriculturayganaderia.com\/?p=2395\"> <span>\u00bfC\u00f3mo las tecnolog\u00edas digitales pueden revolucionar la agroindustria colombiana?<\/span><\/a>\n    <\/h3>\n          <div class=\"elespare-metadata\">\n                          <span class=\"elespare-posts-full-post-author\">\n            <a href=\"https:\/\/www.agriculturayganaderia.com\/?m=2024\">\n              <i class=\"demo-icon elespare-icons-clock-regular\" aria-hidden=\"true\"><\/i>\n              septiembre 26, 2024\n            <\/a>\n          <\/span>\n                      <\/div>\n\n              <\/div>\n            <\/div>\n              <\/div>\n    <\/div>\n    \t\t\t\t<\/div>\n\t\t\t\t<\/div>\n\t\t\t\t\t<\/div>\n\t\t\t\t<\/div>\n\t\t<div class=\"elementor-element elementor-element-75d1579 e-flex e-con-boxed e-con e-parent\" data-id=\"75d1579\" data-element_type=\"container\" data-e-type=\"container\">\n\t\t\t\t\t<div class=\"e-con-inner\">\n\t\t\t\t<div class=\"elementor-element elementor-element-389cb93 elementor-widget elementor-widget-spacer\" data-id=\"389cb93\" data-element_type=\"widget\" data-e-type=\"widget\" data-widget_type=\"spacer.default\">\n\t\t\t\t<div class=\"elementor-widget-container\">\n\t\t\t\t\t\t\t<div class=\"elementor-spacer\">\n\t\t\t<div class=\"elementor-spacer-inner\"><\/div>\n\t\t<\/div>\n\t\t\t\t\t\t<\/div>\n\t\t\t\t<\/div>\n\t\t\t\t\t<\/div>\n\t\t\t\t<\/div>\n\t\t\t\t<\/div>\n\t\t","protected":false},"excerpt":{"rendered":"<p>TENDENCIAS Nuevas tecnolog\u00edas para el uso eficiente del agua al finalizar el 39 Congreso Nacional Arrocero diciembre 7, 2024 COLOMBIA: Nuevas regiones aguacateras se abren paso en el mercado japon\u00e9s octubre 31, 2024 \u00bfC\u00f3mo las tecnolog\u00edas digitales pueden revolucionar la agroindustria colombiana? septiembre 26, 2024<\/p>\n","protected":false},"author":1,"featured_media":0,"parent":0,"menu_order":0,"comment_status":"closed","ping_status":"closed","template":"","meta":{"footnotes":""},"class_list":["post-1755","page","type-page","status-publish","hentry","post","post-with-thumbnail","post-with-thumbnail-large"],"_links":{"self":[{"href":"https:\/\/www.agriculturayganaderia.com\/index.php?rest_route=\/wp\/v2\/pages\/1755","targetHints":{"allow":["GET"]}}],"collection":[{"href":"https:\/\/www.agriculturayganaderia.com\/index.php?rest_route=\/wp\/v2\/pages"}],"about":[{"href":"https:\/\/www.agriculturayganaderia.com\/index.php?rest_route=\/wp\/v2\/types\/page"}],"author":[{"embeddable":true,"href":"https:\/\/www.agriculturayganaderia.com\/index.php?rest_route=\/wp\/v2\/users\/1"}],"replies":[{"embeddable":true,"href":"https:\/\/www.agriculturayganaderia.com\/index.php?rest_route=%2Fwp%2Fv2%2Fcomments&post=1755"}],"version-history":[{"count":7,"href":"https:\/\/www.agriculturayganaderia.com\/index.php?rest_route=\/wp\/v2\/pages\/1755\/revisions"}],"predecessor-version":[{"id":3932,"href":"https:\/\/www.agriculturayganaderia.com\/index.php?rest_route=\/wp\/v2\/pages\/1755\/revisions\/3932"}],"wp:attachment":[{"href":"https:\/\/www.agriculturayganaderia.com\/index.php?rest_route=%2Fwp%2Fv2%2Fmedia&parent=1755"}],"curies":[{"name":"wp","href":"https:\/\/api.w.org\/{rel}","templated":true}]}}